{"id":765,"date":"2022-03-07T09:33:29","date_gmt":"2022-03-07T08:33:29","guid":{"rendered":"https:\/\/www.thetreecompany.be\/services-et-offres\/toitures-vertes\/"},"modified":"2024-02-06T10:44:09","modified_gmt":"2024-02-06T09:44:09","slug":"toitures-vegetalisees-ecologiques-jardin-toit-paysagiste","status":"publish","type":"page","link":"https:\/\/www.thetreecompany.be\/nl\/services-et-offres\/toitures-vegetalisees-ecologiques-jardin-toit-paysagiste\/","title":{"rendered":"Toitures v\u00e9g\u00e9talis\u00e9es"},"content":{"rendered":"<div class=\"wpb-content-wrapper\"><p>[vc_row gap=&#8221;30&#8243; el_class=&#8221;featured-block&#8221;][vc_column width=&#8221;1\/3&#8243;][vc_row_inner el_class=&#8221;cover&#8221;][vc_column_inner el_class=&#8221;px-0&#8243; css=&#8221;.vc_custom_1677174880926{background-image: url(https:\/\/www.thetreecompany.be\/files\/uploads\/2023\/02\/IMG_20200518_120057.jpg?id=1469) !important;background-position: center !important;background-repeat: no-repeat !important;background-size: cover !important;}&#8221;][vc_empty_space height=&#8221;150px&#8221;][\/vc_column_inner][\/vc_row_inner][vc_row_inner css=&#8221;.vc_custom_1646325098117{background-color: #ffffff !important;}&#8221; el_class=&#8221;bloc-white shadow&#8221;][vc_column_inner el_class=&#8221;ht-3 bloc-white image-zoom&#8221; css=&#8221;.vc_custom_1646647523644{margin-bottom: 0px !important;background-color: rgba(255,255,255,0.78) !important;*background-color: rgb(255,255,255) !important;}&#8221;][vc_single_image image=&#8221;633&#8243; img_size=&#8221;60&#215;60&#8243; alignment=&#8221;center&#8221; onclick=&#8221;custom_link&#8221; el_class=&#8221;mb-05 ht-3&#8243; link=&#8221;https:\/\/www.thetreecompany.be\/services-et-offres\/toitures-vegetalisees\/avantages\/&#8221;][vc_custom_heading text=&#8221;Avantages&#8221; font_container=&#8221;tag:div|text_align:center|color:%23000000&#8243; use_theme_fonts=&#8221;yes&#8221; el_class=&#8221;h4 text-uppercase pt-05&#8243; link=&#8221;url:http%3A%2F%2Fwww.www.thetreecompany.be%2Fservices-et-offres%2Fcreation-et-design%2F&#8221;][vc_column_text]<\/p>\n<p style=\"text-align: center;\">Tous les avantages d&#8217;une toiture v\u00e9g\u00e9talis\u00e9e en un clin d&#8217;oeil!<\/p>\n<p>[\/vc_column_text][\/vc_column_inner][\/vc_row_inner][\/vc_column][vc_column width=&#8221;1\/3&#8243;][vc_row_inner el_class=&#8221;cover&#8221;][vc_column_inner el_class=&#8221;px-0&#8243; css=&#8221;.vc_custom_1677172641921{background-image: url(https:\/\/www.thetreecompany.be\/files\/uploads\/2023\/02\/322959596_871509390762838_8978838091936024238_n.jpg?id=1443) !important;background-position: center !important;background-repeat: no-repeat !important;background-size: cover !important;}&#8221;][vc_empty_space height=&#8221;150px&#8221;][\/vc_column_inner][\/vc_row_inner][vc_row_inner css=&#8221;.vc_custom_1646325119300{background-color: #ffffff !important;}&#8221; el_class=&#8221;bloc-white shadow&#8221;][vc_column_inner el_class=&#8221;ht-3 image-zoom bloc-white&#8221; css=&#8221;.vc_custom_1646647529363{margin-bottom: 0px !important;background-color: rgba(255,255,255,0.78) !important;*background-color: rgb(255,255,255) !important;}&#8221;][vc_single_image image=&#8221;490&#8243; img_size=&#8221;60&#215;60&#8243; alignment=&#8221;center&#8221; onclick=&#8221;custom_link&#8221; el_class=&#8221;mb-05 ht-3&#8243; link=&#8221;https:\/\/www.thetreecompany.be\/services-et-offres\/toitures-vegetalisees\/modeles\/&#8221;][vc_custom_heading text=&#8221;Mod\u00e8les&#8221; font_container=&#8221;tag:div|text_align:center|color:%23000000&#8243; use_theme_fonts=&#8221;yes&#8221; el_class=&#8221;h4 text-uppercase pt-05&#8243; link=&#8221;url:https%3A%2F%2Fwww.thetreecompany.be%2Fconstructions-et-techniques%2F|title:Constructions%20et%20techniques&#8221;][vc_column_text]<\/p>\n<p style=\"text-align: center;\">Quel type de toiture v\u00e9g\u00e9talis\u00e9e est la plus adapt\u00e9e \u00e0 votre habitation\/b\u00e2timent?<\/p>\n<p>[\/vc_column_text][\/vc_column_inner][\/vc_row_inner][\/vc_column][vc_column width=&#8221;1\/3&#8243;][vc_row_inner el_class=&#8221;cover&#8221;][vc_column_inner el_class=&#8221;px-0&#8243; css=&#8221;.vc_custom_1676482004020{background-image: url(https:\/\/www.thetreecompany.be\/files\/uploads\/2023\/02\/IMG_20200515_125949.jpg?id=1109) !important;background-position: center !important;background-repeat: no-repeat !important;background-size: cover !important;}&#8221;][vc_empty_space height=&#8221;150px&#8221;][\/vc_column_inner][\/vc_row_inner][vc_row_inner css=&#8221;.vc_custom_1646325122651{background-color: #ffffff !important;}&#8221; el_class=&#8221;bloc-white shadow&#8221;][vc_column_inner el_class=&#8221;ht-3 bloc-white image-zoom&#8221; css=&#8221;.vc_custom_1646647541130{margin-bottom: 0px !important;background-color: rgba(255,255,255,0.78) !important;*background-color: rgb(255,255,255) !important;}&#8221;][vc_single_image image=&#8221;482&#8243; img_size=&#8221;60&#215;60&#8243; alignment=&#8221;center&#8221; onclick=&#8221;custom_link&#8221; el_class=&#8221;mb-05 ht-3&#8243; link=&#8221;https:\/\/www.thetreecompany.be\/services-et-offres\/toitures-vegetalisees\/mise-en-oeuvre\/&#8221;][vc_custom_heading text=&#8221;Mise en \u0153uvre&#8221; font_container=&#8221;tag:div|text_align:center|color:%23000000&#8243; use_theme_fonts=&#8221;yes&#8221; el_class=&#8221;h4 text-uppercase pt-05&#8243; link=&#8221;url:https%3A%2F%2Fwww.thetreecompany.be%2Fvegetaux%2F|title:V%C3%A9g%C3%A9taux&#8221;][vc_column_text css_animation=&#8221;none&#8221;]<\/p>\n<p style=\"text-align: center;\">Profitez de notre expertise dans le domaine, chaque projet est particulier et exige une solution adapt\u00e9e.<\/p>\n<p>[\/vc_column_text][\/vc_column_inner][\/vc_row_inner][\/vc_column][\/vc_row]<\/p>\n<\/div>","protected":false},"excerpt":{"rendered":"<p>[vc_row gap=&#8221;30&#8243; el_class=&#8221;featured-block&#8221;][vc_column width=&#8221;1\/3&#8243;][vc_row_inner el_class=&#8221;cover&#8221;][vc_column_inner el_class=&#8221;px-0&#8243; css=&#8221;.vc_custom_1677174880926{background-image: url(https:\/\/www.thetreecompany.be\/files\/uploads\/2023\/02\/IMG_20200518_120057.jpg?id=1469) !important;background-position: center !important;background-repeat: no-repeat !important;background-size: cover !important;}&#8221;][vc_empty_space height=&#8221;150px&#8221;][\/vc_column_inner][\/vc_row_inner][vc_row_inner css=&#8221;.vc_custom_1646325098117{background-color: #ffffff !important;}&#8221; el_class=&#8221;bloc-white shadow&#8221;][vc_column_inner el_class=&#8221;ht-3 bloc-white image-zoom&#8221; css=&#8221;.vc_custom_1646647523644{margin-bottom: 0px !important;background-color: rgba(255,255,255,0.78) !important;*background-color: rgb(255,255,255) !important;}&#8221;][vc_single_image image=&#8221;633&#8243; img_size=&#8221;60&#215;60&#8243; alignment=&#8221;center&#8221; onclick=&#8221;custom_link&#8221; el_class=&#8221;mb-05 ht-3&#8243; link=&#8221;https:\/\/www.thetreecompany.be\/services-et-offres\/toitures-vegetalisees\/avantages\/&#8221;][vc_custom_heading text=&#8221;Avantages&#8221; font_container=&#8221;tag:div|text_align:center|color:%23000000&#8243; use_theme_fonts=&#8221;yes&#8221; el_class=&#8221;h4 text-uppercase pt-05&#8243; link=&#8221;url:http%3A%2F%2Fwww.www.thetreecompany.be%2Fservices-et-offres%2Fcreation-et-design%2F&#8221;][vc_column_text] Tous les avantages d&#8217;une toiture v\u00e9g\u00e9talis\u00e9e en un clin d&#8217;oeil! [&hellip;]<\/p>\n","protected":false},"author":3,"featured_media":0,"parent":761,"menu_order":0,"comment_status":"closed","ping_status":"closed","template":"","meta":{"footnotes":""},"class_list":["post-765","page","type-page","status-publish","hentry"],"_links":{"self":[{"href":"https:\/\/www.thetreecompany.be\/nl\/wp-json\/wp\/v2\/pages\/765","targetHints":{"allow":["GET"]}}],"collection":[{"href":"https:\/\/www.thetreecompany.be\/nl\/wp-json\/wp\/v2\/pages"}],"about":[{"href":"https:\/\/www.thetreecompany.be\/nl\/wp-json\/wp\/v2\/types\/page"}],"author":[{"embeddable":true,"href":"https:\/\/www.thetreecompany.be\/nl\/wp-json\/wp\/v2\/users\/3"}],"replies":[{"embeddable":true,"href":"https:\/\/www.thetreecompany.be\/nl\/wp-json\/wp\/v2\/comments?post=765"}],"version-history":[{"count":0,"href":"https:\/\/www.thetreecompany.be\/nl\/wp-json\/wp\/v2\/pages\/765\/revisions"}],"up":[{"embeddable":true,"href":"https:\/\/www.thetreecompany.be\/nl\/wp-json\/wp\/v2\/pages\/761"}],"wp:attachment":[{"href":"https:\/\/www.thetreecompany.be\/nl\/wp-json\/wp\/v2\/media?parent=765"}],"curies":[{"name":"wp","href":"https:\/\/api.w.org\/{rel}","templated":true}]}}