{"id":763,"date":"2022-03-03T17:47:55","date_gmt":"2022-03-03T16:47:55","guid":{"rendered":"https:\/\/www.thetreecompany.be\/services-et-offres\/constructions-et-techniques\/"},"modified":"2024-02-07T09:55:27","modified_gmt":"2024-02-07T08:55:27","slug":"constructions-et-techniques-jardin-contemporain-qualite-paysagiste","status":"publish","type":"page","link":"https:\/\/www.thetreecompany.be\/nl\/services-et-offres\/constructions-et-techniques-jardin-contemporain-qualite-paysagiste\/","title":{"rendered":"Constructions et techniques"},"content":{"rendered":"<div class=\"wpb-content-wrapper\"><p>[vc_section el_class=&#8221;pb-3 pb-md-3&#8243;][vc_row gap=&#8221;30&#8243; el_class=&#8221;featured-block&#8221;][vc_column width=&#8221;1\/3&#8243; el_class=&#8221;mb-0&#8243; css=&#8221;.vc_custom_1646401418208{margin-bottom: 0px !important;}&#8221;][vc_row_inner el_class=&#8221;mb-0 cover&#8221;][vc_column_inner el_class=&#8221;px-0&#8243; css=&#8221;.vc_custom_1677065378095{background-image: url(https:\/\/www.thetreecompany.be\/files\/uploads\/2023\/02\/7250187a-6558-4838-b2cc-787835febf51-1.jpg?id=1230) !important;background-position: center !important;background-repeat: no-repeat !important;background-size: cover !important;}&#8221;][vc_empty_space height=&#8221;150px&#8221;][\/vc_column_inner][\/vc_row_inner][vc_row_inner css=&#8221;.vc_custom_1646726885200{background-color: #ffffff !important;}&#8221; el_class=&#8221;shadow&#8221;][vc_column_inner el_class=&#8221;ht-3 image-zoom&#8221; css=&#8221;.vc_custom_1646726894304{background-color: rgba(255,255,255,0.78) !important;*background-color: rgb(255,255,255) !important;}&#8221;][vc_single_image image=&#8221;491&#8243; img_size=&#8221;60&#215;60&#8243; alignment=&#8221;center&#8221; onclick=&#8221;custom_link&#8221; el_class=&#8221;mb-05 ht-3&#8243; link=&#8221;https:\/\/www.thetreecompany.be\/services-et-offres\/constructions-et-techniques\/terrassement-soutenement\/&#8221;][vc_custom_heading text=&#8221;terrassement &#8211; sout\u00e8nement&#8221; font_container=&#8221;tag:div|text_align:center|color:%23000000&#8243; use_theme_fonts=&#8221;yes&#8221; el_class=&#8221;h4 text-uppercase pt-05&#8243; link=&#8221;url:https%3A%2F%2Fwww.thetreecompany.be%2Fservices-et-offres%2Fconstructions-et-techniques%2Fterrassement-soutenement%2F&#8221;][\/vc_column_inner][\/vc_row_inner][\/vc_column][vc_column width=&#8221;1\/3&#8243; el_class=&#8221;mb-0&#8243; css=&#8221;.vc_custom_1646382962466{margin-bottom: 0px !important;}&#8221;][vc_row_inner el_class=&#8221;mb-0 cover&#8221;][vc_column_inner el_class=&#8221;px-0 cover&#8221; css=&#8221;.vc_custom_1677065629069{background-image: url(https:\/\/www.thetreecompany.be\/files\/uploads\/2023\/02\/8f22b144-973a-40b3-aa83-cac90ef0d8f9.jpg?id=1236) !important;background-position: center !important;background-repeat: no-repeat !important;background-size: cover !important;}&#8221;][vc_empty_space height=&#8221;150px&#8221;][\/vc_column_inner][\/vc_row_inner][vc_row_inner css=&#8221;.vc_custom_1646726596903{background-color: #ffffff !important;}&#8221; el_class=&#8221;shadow&#8221;][vc_column_inner el_class=&#8221;ht-3 image-zoom&#8221; css=&#8221;.vc_custom_1646726898692{background-color: rgba(255,255,255,0.78) !important;*background-color: rgb(255,255,255) !important;}&#8221;][vc_single_image image=&#8221;483&#8243; img_size=&#8221;60&#215;60&#8243; alignment=&#8221;center&#8221; onclick=&#8221;custom_link&#8221; el_class=&#8221;mb-05 ht-3&#8243; link=&#8221;https:\/\/www.thetreecompany.be\/services-et-offres\/constructions-et-techniques\/entree-terrasse-escalier\/&#8221;][vc_custom_heading text=&#8221;Entr\u00e9e &#8211; Terrasse &#8211; Escalier&#8221; font_container=&#8221;tag:div|text_align:center|color:%23000000&#8243; use_theme_fonts=&#8221;yes&#8221; el_class=&#8221;h4 text-uppercase pt-05&#8243; link=&#8221;url:https%3A%2F%2Fwww.thetreecompany.be%2Fservices-et-offres%2Fconstructions-et-techniques%2Fentree-terrasse-escalier%2F&#8221;][\/vc_column_inner][\/vc_row_inner][\/vc_column][vc_column width=&#8221;1\/3&#8243;][vc_row_inner el_class=&#8221;cover&#8221;][vc_column_inner el_class=&#8221;px-0 cover&#8221; css=&#8221;.vc_custom_1677065856662{background-image: url(https:\/\/www.thetreecompany.be\/files\/uploads\/2023\/02\/43d0fa59-60a1-40fd-876b-496f882f7815.jpg?id=1240) !important;background-position: center !important;background-repeat: no-repeat !important;background-size: cover !important;}&#8221;][vc_empty_space height=&#8221;150px&#8221;][\/vc_column_inner][\/vc_row_inner][vc_row_inner css=&#8221;.vc_custom_1646726933744{background-color: #ffffff !important;}&#8221; el_class=&#8221;shadow&#8221;][vc_column_inner el_class=&#8221;ht-3 image-zoom&#8221; css=&#8221;.vc_custom_1646726904904{background-color: rgba(255,255,255,0.78) !important;*background-color: rgb(255,255,255) !important;}&#8221;][vc_single_image image=&#8221;481&#8243; img_size=&#8221;60&#215;60&#8243; alignment=&#8221;center&#8221; onclick=&#8221;custom_link&#8221; el_class=&#8221;mb-05 ht-3&#8243; link=&#8221;https:\/\/www.thetreecompany.be\/services-et-offres\/constructions-et-techniques\/cloture-portail-claustra\/&#8221;][vc_custom_heading text=&#8221;cl\u00f4ture &#8211; portail &#8211; claustra&#8221; font_container=&#8221;tag:div|text_align:center|color:%23000000&#8243; use_theme_fonts=&#8221;yes&#8221; el_class=&#8221;h4 text-uppercase pt-05&#8243; link=&#8221;url:https%3A%2F%2Fwww.thetreecompany.be%2Fservices-et-offres%2Fconstructions-et-techniques%2Fcloture-portail-claustra%2F|title:Nos%20comp%C3%A9tences&#8221;][\/vc_column_inner][\/vc_row_inner][\/vc_column][\/vc_row][\/vc_section][vc_section el_class=&#8221;pb-3 pb-md-3&#8243;][vc_row gap=&#8221;30&#8243; el_class=&#8221;featured-block&#8221;][vc_column width=&#8221;1\/3&#8243; el_class=&#8221;mb-0&#8243; css=&#8221;.vc_custom_1646401418208{margin-bottom: 0px !important;}&#8221;][vc_row_inner el_class=&#8221;mb-0 cover&#8221;][vc_column_inner el_class=&#8221;px-0&#8243; css=&#8221;.vc_custom_1677066026021{background-image: url(https:\/\/www.thetreecompany.be\/files\/uploads\/2023\/02\/IMG_2132.jpeg?id=1244) !important;background-position: center !important;background-repeat: no-repeat !important;background-size: cover !important;}&#8221;][vc_empty_space height=&#8221;150px&#8221;][\/vc_column_inner][\/vc_row_inner][vc_row_inner css=&#8221;.vc_custom_1646726885200{background-color: #ffffff !important;}&#8221; el_class=&#8221;shadow&#8221;][vc_column_inner el_class=&#8221;ht-3 image-zoom&#8221; css=&#8221;.vc_custom_1646726894304{background-color: rgba(255,255,255,0.78) !important;*background-color: rgb(255,255,255) !important;}&#8221;][vc_single_image image=&#8221;478&#8243; img_size=&#8221;60&#215;60&#8243; alignment=&#8221;center&#8221; onclick=&#8221;custom_link&#8221; el_class=&#8221;mb-05 ht-3&#8243; link=&#8221;https:\/\/www.thetreecompany.be\/services-et-offres\/constructions-et-techniques\/construction-en-bois-jeux\/&#8221;][vc_custom_heading text=&#8221;construction en bois &#8211; jeux&#8221; font_container=&#8221;tag:div|text_align:center|color:%23000000&#8243; use_theme_fonts=&#8221;yes&#8221; el_class=&#8221;h4 text-uppercase pt-05&#8243; link=&#8221;url:https%3A%2F%2Fwww.thetreecompany.be%2Fservices-et-offres%2Fconstructions-et-techniques%2Fconstruction-en-bois-jeux%2F&#8221;][\/vc_column_inner][\/vc_row_inner][\/vc_column][vc_column width=&#8221;1\/3&#8243; el_class=&#8221;mb-0&#8243; css=&#8221;.vc_custom_1646382962466{margin-bottom: 0px !important;}&#8221;][vc_row_inner el_class=&#8221;mb-0 cover&#8221;][vc_column_inner el_class=&#8221;px-0 cover&#8221; css=&#8221;.vc_custom_1677066174892{background-image: url(https:\/\/www.thetreecompany.be\/files\/uploads\/2023\/02\/11.jpg?id=1248) !important;background-position: center !important;background-repeat: no-repeat !important;background-size: cover !important;}&#8221;][vc_empty_space height=&#8221;150px&#8221;][\/vc_column_inner][\/vc_row_inner][vc_row_inner css=&#8221;.vc_custom_1646726596903{background-color: #ffffff !important;}&#8221; el_class=&#8221;shadow&#8221;][vc_column_inner el_class=&#8221;ht-3 image-zoom&#8221; css=&#8221;.vc_custom_1646726898692{background-color: rgba(255,255,255,0.78) !important;*background-color: rgb(255,255,255) !important;}&#8221;][vc_single_image image=&#8221;491&#8243; img_size=&#8221;60&#215;60&#8243; alignment=&#8221;center&#8221; onclick=&#8221;custom_link&#8221; el_class=&#8221;mb-05 ht-3&#8243; link=&#8221;https:\/\/www.thetreecompany.be\/services-et-offres\/constructions-et-techniques\/maconnerie\/&#8221;][vc_custom_heading text=&#8221;ma\u00e7onnerie&#8221; font_container=&#8221;tag:div|text_align:center|color:%23000000&#8243; use_theme_fonts=&#8221;yes&#8221; el_class=&#8221;h4 text-uppercase pt-05&#8243; link=&#8221;url:https%3A%2F%2Fwww.thetreecompany.be%2Fservices-et-offres%2Fconstructions-et-techniques%2Fmaconnerie%2F&#8221;][\/vc_column_inner][\/vc_row_inner][\/vc_column][vc_column width=&#8221;1\/3&#8243;][vc_row_inner el_class=&#8221;cover&#8221;][vc_column_inner el_class=&#8221;px-0 cover&#8221; css=&#8221;.vc_custom_1646727818045{background-image: url(https:\/\/www.thetreecompany.be\/files\/uploads\/2022\/03\/DSC_2230-640&#215;360-1.jpg?id=466) !important;background-position: center !important;background-repeat: no-repeat !important;background-size: cover !important;}&#8221;][vc_empty_space height=&#8221;150px&#8221;][\/vc_column_inner][\/vc_row_inner][vc_row_inner css=&#8221;.vc_custom_1646726933744{background-color: #ffffff !important;}&#8221; el_class=&#8221;shadow&#8221;][vc_column_inner el_class=&#8221;ht-3 image-zoom&#8221; css=&#8221;.vc_custom_1646726904904{background-color: rgba(255,255,255,0.78) !important;*background-color: rgb(255,255,255) !important;}&#8221;][vc_single_image image=&#8221;485&#8243; img_size=&#8221;60&#215;60&#8243; alignment=&#8221;center&#8221; onclick=&#8221;custom_link&#8221; el_class=&#8221;mb-05 ht-3&#8243; link=&#8221;https:\/\/www.thetreecompany.be\/services-et-offres\/constructions-et-techniques\/piece-deau-drainage-arrosage\/&#8221;][vc_custom_heading text=&#8221;eau &#8211; drainage- arrosage&#8221; font_container=&#8221;tag:div|text_align:center|color:%23000000&#8243; use_theme_fonts=&#8221;yes&#8221; el_class=&#8221;h4 text-uppercase pt-05&#8243; link=&#8221;url:https%3A%2F%2Fwww.thetreecompany.be%2Fservices-et-offres%2Fconstructions-et-techniques%2Fpiece-deau-drainage-arrosage%2F|title:Nos%20comp%C3%A9tences&#8221;][\/vc_column_inner][\/vc_row_inner][\/vc_column][\/vc_row][\/vc_section][vc_section el_class=&#8221;pb-3 pb-md-3&#8243;][vc_row gap=&#8221;30&#8243; el_class=&#8221;featured-block&#8221;][vc_column width=&#8221;1\/3&#8243; el_class=&#8221;mb-0&#8243; css=&#8221;.vc_custom_1646401418208{margin-bottom: 0px !important;}&#8221;][vc_row_inner el_class=&#8221;mb-0 cover&#8221;][vc_column_inner el_class=&#8221;px-0&#8243; css=&#8221;.vc_custom_1677065478261{background-image: url(https:\/\/www.thetreecompany.be\/files\/uploads\/2023\/01\/Image1.jpg?id=818) !important;background-position: center !important;background-repeat: no-repeat !important;background-size: cover !important;}&#8221;][vc_empty_space height=&#8221;150px&#8221;][\/vc_column_inner][\/vc_row_inner][vc_row_inner css=&#8221;.vc_custom_1646726885200{background-color: #ffffff !important;}&#8221; el_class=&#8221;shadow&#8221;][vc_column_inner el_class=&#8221;ht-3 image-zoom&#8221; css=&#8221;.vc_custom_1646726894304{background-color: rgba(255,255,255,0.78) !important;*background-color: rgb(255,255,255) !important;}&#8221;][vc_single_image image=&#8221;633&#8243; img_size=&#8221;60&#215;60&#8243; alignment=&#8221;center&#8221; onclick=&#8221;custom_link&#8221; el_class=&#8221;mb-05 ht-3&#8243; link=&#8221;https:\/\/www.thetreecompany.be\/services-et-offres\/toitures-vegetalisees\/&#8221;][vc_custom_heading text=&#8221;toiture v\u00e9g\u00e9talis\u00e9e&#8221; font_container=&#8221;tag:div|text_align:center|color:%23000000&#8243; use_theme_fonts=&#8221;yes&#8221; el_class=&#8221;h4 text-uppercase pt-05&#8243; link=&#8221;url:https%3A%2F%2Fwww.thetreecompany.be%2Fservices-et-offres%2Ftoitures-vegetalisees%2F&#8221;][\/vc_column_inner][\/vc_row_inner][\/vc_column][vc_column width=&#8221;1\/3&#8243; el_class=&#8221;mb-0&#8243; css=&#8221;.vc_custom_1646382962466{margin-bottom: 0px !important;}&#8221;][vc_row_inner el_class=&#8221;mb-0 cover&#8221;][vc_column_inner el_class=&#8221;px-0 cover&#8221; css=&#8221;.vc_custom_1677162835527{background-image: url(https:\/\/www.thetreecompany.be\/files\/uploads\/2023\/02\/Eclairage-Fermob.jpg?id=1332) !important;background-position: center !important;background-repeat: no-repeat !important;background-size: cover !important;}&#8221;][vc_empty_space height=&#8221;150px&#8221;][\/vc_column_inner][\/vc_row_inner][vc_row_inner css=&#8221;.vc_custom_1646726596903{background-color: #ffffff !important;}&#8221; el_class=&#8221;shadow&#8221;][vc_column_inner el_class=&#8221;ht-3 image-zoom&#8221; css=&#8221;.vc_custom_1646726898692{background-color: rgba(255,255,255,0.78) !important;*background-color: rgb(255,255,255) !important;}&#8221;][vc_single_image image=&#8221;488&#8243; img_size=&#8221;60&#215;60&#8243; alignment=&#8221;center&#8221; onclick=&#8221;custom_link&#8221; el_class=&#8221;mb-05 ht-3&#8243; link=&#8221;https:\/\/www.thetreecompany.be\/services-et-offres\/constructions-et-techniques\/eclairage-exterieur\/&#8221;][vc_custom_heading text=&#8221;\u00e9clairage ext\u00e9rieur&#8221; font_container=&#8221;tag:div|text_align:center|color:%23000000&#8243; use_theme_fonts=&#8221;yes&#8221; el_class=&#8221;h4 text-uppercase pt-05&#8243; link=&#8221;url:https%3A%2F%2Fwww.thetreecompany.be%2Fservices-et-offres%2Fconstructions-et-techniques%2Feclairage-exterieur%2F&#8221;][\/vc_column_inner][\/vc_row_inner][\/vc_column][vc_column width=&#8221;1\/3&#8243;][vc_row_inner el_class=&#8221;cover&#8221;][vc_column_inner el_class=&#8221;px-0 cover&#8221; css=&#8221;.vc_custom_1677163000216{background-image: url(https:\/\/www.thetreecompany.be\/files\/uploads\/2022\/03\/DSCF7107.jpg?id=445) !important;background-position: center !important;background-repeat: no-repeat !important;background-size: cover !important;}&#8221;][vc_empty_space height=&#8221;150px&#8221;][\/vc_column_inner][\/vc_row_inner][vc_row_inner css=&#8221;.vc_custom_1646726933744{background-color: #ffffff !important;}&#8221; el_class=&#8221;shadow&#8221;][vc_column_inner el_class=&#8221;ht-3 image-zoom&#8221; css=&#8221;.vc_custom_1646726904904{background-color: rgba(255,255,255,0.78) !important;*background-color: rgb(255,255,255) !important;}&#8221;][vc_single_image image=&#8221;485&#8243; img_size=&#8221;60&#215;60&#8243; alignment=&#8221;center&#8221; onclick=&#8221;custom_link&#8221; el_class=&#8221;mb-05 ht-3&#8243;][vc_custom_heading text=&#8221;Bient\u00f4t la suite &#8230;&#8221; font_container=&#8221;tag:div|text_align:center|color:%23000000&#8243; use_theme_fonts=&#8221;yes&#8221; el_class=&#8221;h4 text-uppercase pt-05&#8243; link=&#8221;url:https%3A%2F%2Fwww.thetreecompany.be%2Fpresentation%2Fnos-competences%2F|title:Nos%20comp%C3%A9tences&#8221;][\/vc_column_inner][\/vc_row_inner][\/vc_column][\/vc_row][\/vc_section]<\/p>\n<\/div>","protected":false},"excerpt":{"rendered":"<p>[vc_section el_class=&#8221;pb-3 pb-md-3&#8243;][vc_row gap=&#8221;30&#8243; el_class=&#8221;featured-block&#8221;][vc_column width=&#8221;1\/3&#8243; el_class=&#8221;mb-0&#8243; css=&#8221;.vc_custom_1646401418208{margin-bottom: 0px !important;}&#8221;][vc_row_inner el_class=&#8221;mb-0 cover&#8221;][vc_column_inner el_class=&#8221;px-0&#8243; css=&#8221;.vc_custom_1677065378095{background-image: url(https:\/\/www.thetreecompany.be\/files\/uploads\/2023\/02\/7250187a-6558-4838-b2cc-787835febf51-1.jpg?id=1230) !important;background-position: center !important;background-repeat: no-repeat !important;background-size: cover !important;}&#8221;][vc_empty_space height=&#8221;150px&#8221;][\/vc_column_inner][\/vc_row_inner][vc_row_inner css=&#8221;.vc_custom_1646726885200{background-color: #ffffff !important;}&#8221; el_class=&#8221;shadow&#8221;][vc_column_inner el_class=&#8221;ht-3 image-zoom&#8221; css=&#8221;.vc_custom_1646726894304{background-color: rgba(255,255,255,0.78) !important;*background-color: rgb(255,255,255) !important;}&#8221;][vc_single_image image=&#8221;491&#8243; img_size=&#8221;60&#215;60&#8243; alignment=&#8221;center&#8221; onclick=&#8221;custom_link&#8221; el_class=&#8221;mb-05 ht-3&#8243; link=&#8221;https:\/\/www.thetreecompany.be\/services-et-offres\/constructions-et-techniques\/terrassement-soutenement\/&#8221;][vc_custom_heading text=&#8221;terrassement &#8211; sout\u00e8nement&#8221; font_container=&#8221;tag:div|text_align:center|color:%23000000&#8243; use_theme_fonts=&#8221;yes&#8221; el_class=&#8221;h4 text-uppercase pt-05&#8243; link=&#8221;url:https%3A%2F%2Fwww.thetreecompany.be%2Fservices-et-offres%2Fconstructions-et-techniques%2Fterrassement-soutenement%2F&#8221;][\/vc_column_inner][\/vc_row_inner][\/vc_column][vc_column width=&#8221;1\/3&#8243; el_class=&#8221;mb-0&#8243; css=&#8221;.vc_custom_1646382962466{margin-bottom: 0px !important;}&#8221;][vc_row_inner [&hellip;]<\/p>\n","protected":false},"author":3,"featured_media":0,"parent":761,"menu_order":0,"comment_status":"closed","ping_status":"closed","template":"","meta":{"footnotes":""},"class_list":["post-763","page","type-page","status-publish","hentry"],"_links":{"self":[{"href":"https:\/\/www.thetreecompany.be\/nl\/wp-json\/wp\/v2\/pages\/763","targetHints":{"allow":["GET"]}}],"collection":[{"href":"https:\/\/www.thetreecompany.be\/nl\/wp-json\/wp\/v2\/pages"}],"about":[{"href":"https:\/\/www.thetreecompany.be\/nl\/wp-json\/wp\/v2\/types\/page"}],"author":[{"embeddable":true,"href":"https:\/\/www.thetreecompany.be\/nl\/wp-json\/wp\/v2\/users\/3"}],"replies":[{"embeddable":true,"href":"https:\/\/www.thetreecompany.be\/nl\/wp-json\/wp\/v2\/comments?post=763"}],"version-history":[{"count":0,"href":"https:\/\/www.thetreecompany.be\/nl\/wp-json\/wp\/v2\/pages\/763\/revisions"}],"up":[{"embeddable":true,"href":"https:\/\/www.thetreecompany.be\/nl\/wp-json\/wp\/v2\/pages\/761"}],"wp:attachment":[{"href":"https:\/\/www.thetreecompany.be\/nl\/wp-json\/wp\/v2\/media?parent=763"}],"curies":[{"name":"wp","href":"https:\/\/api.w.org\/{rel}","templated":true}]}}