{"id":760,"date":"2022-03-02T17:33:20","date_gmt":"2022-03-02T16:33:20","guid":{"rendered":"https:\/\/www.thetreecompany.be\/presentation\/qui-sommes-nous\/"},"modified":"2024-02-04T17:25:41","modified_gmt":"2024-02-04T16:25:41","slug":"qui-sommes-nous","status":"publish","type":"page","link":"https:\/\/www.thetreecompany.be\/nl\/presentation\/qui-sommes-nous\/","title":{"rendered":"Qui sommes-nous ?"},"content":{"rendered":"<div class=\"wpb-content-wrapper\"><p>[vc_row equal_height=&#8221;yes&#8221; el_class=&#8221;mb-1 mb-md-3 pt-2&#8243;][vc_column width=&#8221;1\/3&#8243; css=&#8221;.vc_custom_1677063169281{background-image: url(https:\/\/www.thetreecompany.be\/files\/uploads\/2022\/03\/jardin-wemmel.jpg?id=417) !important;background-position: center !important;background-repeat: no-repeat !important;background-size: cover !important;}&#8221;][vc_empty_space height=&#8221;150px&#8221;][\/vc_column][vc_column width=&#8221;2\/3&#8243; el_class=&#8221;mb-1 mb-md-1 pl-md-2&#8243;][vc_custom_heading text=&#8221;Notre entreprise&#8221; use_theme_fonts=&#8221;yes&#8221; el_class=&#8221;h3 mt-1 pb-2&#8243;][vc_column_text el_class=&#8221;mb-2&#8243;]Active depuis <strong>plus de 40 ans<\/strong>, notre entreprise vous propose son exp\u00e9rience et ses comp\u00e9tences techniques en cr\u00e9ation de jardins et d\u2019espaces verts.<\/p>\n<p><strong>Architectes paysagistes<\/strong> et <strong>entrepreneurs de jardins<\/strong> de formation, passionn\u00e9s depuis toujours par la nature et son potentiel esth\u00e9tique, nous nous engageons \u00e0 \u00eatre \u00e0 l\u2019\u00e9coute de vos demandes, de vos envies et \u00e0 vous proposer un espace vert \u00e0 la mesure de vos r\u00eaves.<\/p>\n<p>En plusieurs dizaines d\u2019ann\u00e9es, de nombreux chantiers pour les clients priv\u00e9s et publics ont fa\u00e7onn\u00e9 notre exp\u00e9rience. Nos r\u00e9alisations concernent tant le jardin de ville que l\u2019espace vert public, en passant par les grands jardins contemporains ou les r\u00e9alisations techniques \u00e9labor\u00e9es. Les r\u00e9f\u00e9rences accumul\u00e9es et les clients satisfaits en attestent :\u00a0<strong>la\u00a0qualit\u00e9 et le service\u00a0\u00e0 la client\u00e8le<\/strong>\u00a0sont notre carte de visite!<\/p>\n<p>Nous vous invitons \u00e0 d\u00e9couvrir sur ce site les services offerts qui feront de votre espace ext\u00e9rieur une v\u00e9ritable \u00ab pi\u00e8ce \u00e0 vivre \u00bb, si importante pour votre qualit\u00e9 de vie. Parcourez \u00e9galement en photos nos r\u00e9alisations, simples ou \u00e9labor\u00e9es.[\/vc_column_text][vc_btn title=&#8221;Contactez-nous&#8221; link=&#8221;url:https%3A%2F%2Fwww.thetreecompany.be%2Fcontact%2F|title:Contact&#8221; el_class=&#8221;btn-theme&#8221;][\/vc_column][\/vc_row][vc_row el_class=&#8221;pb-3&#8243;][vc_column][vc_custom_heading text=&#8221;Notre \u00e9quipe&#8221; font_container=&#8221;tag:h2|text_align:center&#8221; use_theme_fonts=&#8221;yes&#8221; el_class=&#8221;h3 mt-1&#8243;][\/vc_column][\/vc_row][vc_row gap=&#8221;30&#8243; equal_height=&#8221;yes&#8221; el_class=&#8221;pb-4 equipe&#8221;][vc_column width=&#8221;1\/2&#8243;][vc_single_image image=&#8221;299&#8243; img_size=&#8221;130&#215;130&#8243; alignment=&#8221;center&#8221; style=&#8221;vc_box_circle_2&#8243; el_class=&#8221;mb-0&#8243;][vc_row_inner el_class=&#8221;shadow ht-3 px-1&#8243;][vc_column_inner el_class=&#8221;px-1&#8243;][vc_custom_heading text=&#8221;Joachim De Lathouwer&#8221; font_container=&#8221;tag:h2|text_align:center|color:%230aa486&#8243; use_theme_fonts=&#8221;yes&#8221; el_class=&#8221;h3 mt-3 pt-1&#8243;][vc_column_text]<\/p>\n<p style=\"text-align: center;\">Dipl\u00f4m\u00e9 Gestionnaire de l\u2019environnement urbain (Lucia de Brouck\u00e8re 2020). Dipl\u00f4m\u00e9 Gestionnaire d\u2019entreprises (EFP 2021)<\/p>\n<p>[\/vc_column_text][\/vc_column_inner][\/vc_row_inner][\/vc_column][vc_column width=&#8221;1\/2&#8243; el_class=&#8221;px-1&#8243;][vc_single_image image=&#8221;1618&#8243; img_size=&#8221;130&#215;130&#8243; alignment=&#8221;center&#8221; style=&#8221;vc_box_circle_2&#8243; el_class=&#8221;mb-0&#8243;][vc_row_inner el_class=&#8221;shadow ht-3 px-1&#8243;][vc_column_inner el_class=&#8221;px-1&#8243;][vc_custom_heading text=&#8221;Luc De Lathouwer&#8221; font_container=&#8221;tag:h2|text_align:center|color:%230aa486&#8243; use_theme_fonts=&#8221;yes&#8221; el_class=&#8221;h3 mt-3 pt-1&#8243;][vc_column_text]<\/p>\n<p style=\"text-align: center;\">Dipl\u00f4m\u00e9 Architecte de jardin et du paysage (ESAJP 1981). Agr\u00e9g\u00e9 enseignant (CERIA 1982)<\/p>\n<p>[\/vc_column_text][\/vc_column_inner][\/vc_row_inner][\/vc_column][\/vc_row]<\/p>\n<\/div>","protected":false},"excerpt":{"rendered":"<p>[vc_row equal_height=&#8221;yes&#8221; el_class=&#8221;mb-1 mb-md-3 pt-2&#8243;][vc_column width=&#8221;1\/3&#8243; css=&#8221;.vc_custom_1677063169281{background-image: url(https:\/\/www.thetreecompany.be\/files\/uploads\/2022\/03\/jardin-wemmel.jpg?id=417) !important;background-position: center !important;background-repeat: no-repeat !important;background-size: cover !important;}&#8221;][vc_empty_space height=&#8221;150px&#8221;][\/vc_column][vc_column width=&#8221;2\/3&#8243; el_class=&#8221;mb-1 mb-md-1 pl-md-2&#8243;][vc_custom_heading text=&#8221;Notre entreprise&#8221; use_theme_fonts=&#8221;yes&#8221; el_class=&#8221;h3 mt-1 pb-2&#8243;][vc_column_text el_class=&#8221;mb-2&#8243;]Active depuis plus de 40 ans, notre entreprise vous propose son exp\u00e9rience et ses comp\u00e9tences techniques en cr\u00e9ation de jardins et d\u2019espaces verts. Architectes paysagistes et entrepreneurs de jardins [&hellip;]<\/p>\n","protected":false},"author":3,"featured_media":0,"parent":757,"menu_order":0,"comment_status":"closed","ping_status":"closed","template":"","meta":{"footnotes":""},"class_list":["post-760","page","type-page","status-publish","hentry"],"_links":{"self":[{"href":"https:\/\/www.thetreecompany.be\/nl\/wp-json\/wp\/v2\/pages\/760","targetHints":{"allow":["GET"]}}],"collection":[{"href":"https:\/\/www.thetreecompany.be\/nl\/wp-json\/wp\/v2\/pages"}],"about":[{"href":"https:\/\/www.thetreecompany.be\/nl\/wp-json\/wp\/v2\/types\/page"}],"author":[{"embeddable":true,"href":"https:\/\/www.thetreecompany.be\/nl\/wp-json\/wp\/v2\/users\/3"}],"replies":[{"embeddable":true,"href":"https:\/\/www.thetreecompany.be\/nl\/wp-json\/wp\/v2\/comments?post=760"}],"version-history":[{"count":0,"href":"https:\/\/www.thetreecompany.be\/nl\/wp-json\/wp\/v2\/pages\/760\/revisions"}],"up":[{"embeddable":true,"href":"https:\/\/www.thetreecompany.be\/nl\/wp-json\/wp\/v2\/pages\/757"}],"wp:attachment":[{"href":"https:\/\/www.thetreecompany.be\/nl\/wp-json\/wp\/v2\/media?parent=760"}],"curies":[{"name":"wp","href":"https:\/\/api.w.org\/{rel}","templated":true}]}}