{"id":759,"date":"2022-03-04T14:44:22","date_gmt":"2022-03-04T13:44:22","guid":{"rendered":"https:\/\/www.thetreecompany.be\/presentation\/notre-vision\/"},"modified":"2024-02-06T10:38:09","modified_gmt":"2024-02-06T09:38:09","slug":"notre-vision-jardin-contemporain-environnement-verts","status":"publish","type":"page","link":"https:\/\/www.thetreecompany.be\/nl\/presentation\/notre-vision-jardin-contemporain-environnement-verts\/","title":{"rendered":"Notre vision"},"content":{"rendered":"<div class=\"wpb-content-wrapper\"><p>[vc_row][vc_column][vc_empty_space height=&#8221;50px&#8221;][\/vc_column][\/vc_row][vc_row][vc_column width=&#8221;1\/2&#8243;][vc_column_text]Une bonne collaboration d\u00e9marre avant tout par une \u00e9coute attentive du client. Nous vous accompagnons dans vos projets d\u2019espace ext\u00e9rieur, dans un esprit de partenariat, avec un souci constant pour <strong>la meilleure qualit\u00e9 au juste prix<\/strong>.<\/p>\n<p>Nous souhaitons vous faire b\u00e9n\u00e9ficier du professionnalisme et des comp\u00e9tences accumul\u00e9es dans ce domaine depuis 40 ans.<\/p>\n<p>Dans cette perspective, nous accordons une attention particuli\u00e8re \u00e0 la\u00a0<strong>satisfaction du client<\/strong>.<\/p>\n<p>Enfin, en amoureux de la nature, le\u00a0<strong>respect de notre environnement<\/strong>, dans une optique de d\u00e9veloppement durable, fait \u00e9galement partie de nos pr\u00e9occupations de base.<\/p>\n<p><strong>Particulier ou entreprise, nos r\u00e9alisations, notre parcours et notre exp\u00e9rience semblent correspondre \u00e0 ce que vous recherchez\u00a0?\u00a0<\/strong>Prenons le temps de nous rencontrer pour parler ensemble de votre jardin\/espace vert et de vos projets\u00a0![\/vc_column_text][\/vc_column][vc_column width=&#8221;1\/2&#8243;][vc_single_image image=&#8221;1195&#8243; img_size=&#8221;large&#8221; alignment=&#8221;center&#8221;][\/vc_column][\/vc_row]<\/p>\n<\/div>","protected":false},"excerpt":{"rendered":"<p>[vc_row][vc_column][vc_empty_space height=&#8221;50px&#8221;][\/vc_column][\/vc_row][vc_row][vc_column width=&#8221;1\/2&#8243;][vc_column_text]Une bonne collaboration d\u00e9marre avant tout par une \u00e9coute attentive du client. Nous vous accompagnons dans vos projets d\u2019espace ext\u00e9rieur, dans un esprit de partenariat, avec un souci constant pour la meilleure qualit\u00e9 au juste prix. Nous souhaitons vous faire b\u00e9n\u00e9ficier du professionnalisme et des comp\u00e9tences accumul\u00e9es dans ce domaine depuis 40 ans. [&hellip;]<\/p>\n","protected":false},"author":3,"featured_media":0,"parent":757,"menu_order":0,"comment_status":"closed","ping_status":"closed","template":"","meta":{"footnotes":""},"class_list":["post-759","page","type-page","status-publish","hentry"],"_links":{"self":[{"href":"https:\/\/www.thetreecompany.be\/nl\/wp-json\/wp\/v2\/pages\/759","targetHints":{"allow":["GET"]}}],"collection":[{"href":"https:\/\/www.thetreecompany.be\/nl\/wp-json\/wp\/v2\/pages"}],"about":[{"href":"https:\/\/www.thetreecompany.be\/nl\/wp-json\/wp\/v2\/types\/page"}],"author":[{"embeddable":true,"href":"https:\/\/www.thetreecompany.be\/nl\/wp-json\/wp\/v2\/users\/3"}],"replies":[{"embeddable":true,"href":"https:\/\/www.thetreecompany.be\/nl\/wp-json\/wp\/v2\/comments?post=759"}],"version-history":[{"count":0,"href":"https:\/\/www.thetreecompany.be\/nl\/wp-json\/wp\/v2\/pages\/759\/revisions"}],"up":[{"embeddable":true,"href":"https:\/\/www.thetreecompany.be\/nl\/wp-json\/wp\/v2\/pages\/757"}],"wp:attachment":[{"href":"https:\/\/www.thetreecompany.be\/nl\/wp-json\/wp\/v2\/media?parent=759"}],"curies":[{"name":"wp","href":"https:\/\/api.w.org\/{rel}","templated":true}]}}