{"id":758,"date":"2022-03-04T14:44:45","date_gmt":"2022-03-04T13:44:45","guid":{"rendered":"https:\/\/www.thetreecompany.be\/presentation\/nos-competences\/"},"modified":"2024-02-06T10:38:02","modified_gmt":"2024-02-06T09:38:02","slug":"nos-competences-jardinage-contemporain-paysagiste","status":"publish","type":"page","link":"https:\/\/www.thetreecompany.be\/nl\/presentation\/nos-competences-jardinage-contemporain-paysagiste\/","title":{"rendered":"Nos comp\u00e9tences"},"content":{"rendered":"<div class=\"wpb-content-wrapper\"><p>[vc_row][vc_column][vc_empty_space height=&#8221;10px&#8221;][\/vc_column][\/vc_row][vc_row][vc_column width=&#8221;1\/2&#8243; css=&#8221;.vc_custom_1677580867423{background-position: center !important;background-repeat: no-repeat !important;background-size: cover !important;}&#8221;][vc_single_image image=&#8221;1190&#8243; img_size=&#8221;full&#8221; alignment=&#8221;center&#8221;][\/vc_column][vc_column width=&#8221;1\/2&#8243;][vc_empty_space height=&#8221;33px&#8221;][vc_column_text]<\/p>\n<div class=\"gmail_default\">\n<p>Notre entreprise pr\u00e9sente pour les clients l\u2019\u00e9norme avantage de\u00a0<strong>concilier dans sa pratique architecture et entreprise de jardins<\/strong>. Votre projet pourra ainsi \u00eatre r\u00e9alis\u00e9 de A \u00e0 Z, de la cr\u00e9ation \u00e0 la r\u00e9alisation sur le terrain, jusqu\u2019\u00e0 son entretien.<\/p>\n<p>Nous contr\u00f4lons donc la totalit\u00e9 de la cha\u00eene, ce qui vous garantit un prix avantageux (un seul fournisseur), la facilit\u00e9 de traiter avec un seul interlocuteur dans tout le d\u00e9roulement du projet, ainsi qu\u2019un contr\u00f4le de qualit\u00e9 complet. N\u00e9anmoins, votre choix peut \u00e9galement se porter sur une partie seulement de cette cha\u00eene de valeur (projet ou r\u00e9alisation uniquement).<\/p>\n<p>Notre exp\u00e9rience est particuli\u00e8rement relevante dans les\u00a0<strong>domaines techniques<\/strong>\u00a0li\u00e9s aux espaces verts tels que\u00a0: \u00e9clairage, drainage, arrosage automatique, ouvrages en bois tels que les terrasses, ma\u00e7onnerie, pi\u00e8ces d\u2019eau\u2026<\/p>\n<p>En outre, les\u00a0<strong>projets uniques<\/strong>\u00a0et sp\u00e9cifiques font aussi partie de notre gamme de services sp\u00e9cialis\u00e9s\u00a0: plantation de tr\u00e8s grands arbres, plantations sur toiture\u2026<\/p>\n<p>Notre meilleure r\u00e9f\u00e9rence reste de fait une long\u00e9vit\u00e9 de <strong>4<\/strong><strong>0 ans\u00a0<\/strong>sur le march\u00e9 belge en la mati\u00e8re et des centaines de clients satisfaits.<\/p>\n<\/div>\n<div><\/div>\n<p>[\/vc_column_text][\/vc_column][\/vc_row][vc_row][vc_column][vc_empty_space height=&#8221;30px&#8221;][\/vc_column][\/vc_row]<\/p>\n<\/div>","protected":false},"excerpt":{"rendered":"<p>[vc_row][vc_column][vc_empty_space height=&#8221;10px&#8221;][\/vc_column][\/vc_row][vc_row][vc_column width=&#8221;1\/2&#8243; css=&#8221;.vc_custom_1677580867423{background-position: center !important;background-repeat: no-repeat !important;background-size: cover !important;}&#8221;][vc_single_image image=&#8221;1190&#8243; img_size=&#8221;full&#8221; alignment=&#8221;center&#8221;][\/vc_column][vc_column width=&#8221;1\/2&#8243;][vc_empty_space height=&#8221;33px&#8221;][vc_column_text] Notre entreprise pr\u00e9sente pour les clients l\u2019\u00e9norme avantage de\u00a0concilier dans sa pratique architecture et entreprise de jardins. Votre projet pourra ainsi \u00eatre r\u00e9alis\u00e9 de A \u00e0 Z, de la cr\u00e9ation \u00e0 la r\u00e9alisation sur le terrain, jusqu\u2019\u00e0 son entretien. Nous [&hellip;]<\/p>\n","protected":false},"author":3,"featured_media":0,"parent":757,"menu_order":0,"comment_status":"closed","ping_status":"closed","template":"","meta":{"footnotes":""},"class_list":["post-758","page","type-page","status-publish","hentry"],"_links":{"self":[{"href":"https:\/\/www.thetreecompany.be\/nl\/wp-json\/wp\/v2\/pages\/758","targetHints":{"allow":["GET"]}}],"collection":[{"href":"https:\/\/www.thetreecompany.be\/nl\/wp-json\/wp\/v2\/pages"}],"about":[{"href":"https:\/\/www.thetreecompany.be\/nl\/wp-json\/wp\/v2\/types\/page"}],"author":[{"embeddable":true,"href":"https:\/\/www.thetreecompany.be\/nl\/wp-json\/wp\/v2\/users\/3"}],"replies":[{"embeddable":true,"href":"https:\/\/www.thetreecompany.be\/nl\/wp-json\/wp\/v2\/comments?post=758"}],"version-history":[{"count":0,"href":"https:\/\/www.thetreecompany.be\/nl\/wp-json\/wp\/v2\/pages\/758\/revisions"}],"up":[{"embeddable":true,"href":"https:\/\/www.thetreecompany.be\/nl\/wp-json\/wp\/v2\/pages\/757"}],"wp:attachment":[{"href":"https:\/\/www.thetreecompany.be\/nl\/wp-json\/wp\/v2\/media?parent=758"}],"curies":[{"name":"wp","href":"https:\/\/api.w.org\/{rel}","templated":true}]}}