{"id":756,"date":"2022-04-22T12:09:13","date_gmt":"2022-04-22T10:09:13","guid":{"rendered":"https:\/\/www.thetreecompany.be\/partenaires\/"},"modified":"2024-02-06T10:37:00","modified_gmt":"2024-02-06T09:37:00","slug":"partenaires-paysagiste-jardin-personnaliser-espace-verts","status":"publish","type":"page","link":"https:\/\/www.thetreecompany.be\/nl\/partenaires-paysagiste-jardin-personnaliser-espace-verts\/","title":{"rendered":"Partenaires"},"content":{"rendered":"<div class=\"wpb-content-wrapper\"><p>[vc_row equal_height=&#8221;yes&#8221; content_placement=&#8221;middle&#8221; el_class=&#8221;pt-3&#8243;][vc_column width=&#8221;1\/2&#8243; css=&#8221;.vc_custom_1677245950309{background-image: url(https:\/\/www.thetreecompany.be\/files\/uploads\/2023\/02\/DSC_0077.jpg?id=1516) !important;background-position: center !important;background-repeat: no-repeat !important;background-size: cover !important;}&#8221;][vc_empty_space height=&#8221;250px&#8221;][\/vc_column][vc_column width=&#8221;1\/2&#8243; el_class=&#8221;py-4&#8243;][vc_custom_heading text=&#8221;DOMS PRO &#8211; cl\u00f4tures, portails, bois composite&#8221; use_theme_fonts=&#8221;yes&#8221; el_class=&#8221;h2&#8243;][vc_column_text el_class=&#8221;m-0&#8243;]Active depuis 1988, notre partenaire Doms Pro est une entreprise belge sp\u00e9cialis\u00e9e dans les <strong>fournitures de jardin<\/strong> telles que cl\u00f4tures, terrasses et portails.<\/p>\n<p>Visitez leur site <a href=\"https:\/\/www.domspro.eu\/fr\/\" target=\"_blank\" rel=\"noopener\">ici<\/a><\/p>\n<p>Sa r\u00e9putation n&#8217;est plus \u00e0 faire en ce qui concerne son professionnalisme et l&#8217;\u00e9tendue de sa gamme en termes de marques, de mod\u00e8les et de solutions pour votre jardin.<\/p>\n<p>Doms Pro est \u00e9galement notre partenaire pour les terrasses, escaliers et panneaux brise-vue en <strong>bois composite Silvadec<\/strong>.<\/p>\n<p>Pour les produits Silvadec, visitez leur site en cliquant <a href=\"https:\/\/fr.silvadec.com\/\" target=\"_blank\" rel=\"noopener\">ici<\/a>[\/vc_column_text][\/vc_column][\/vc_row][vc_row equal_height=&#8221;yes&#8221; content_placement=&#8221;middle&#8221;][vc_column width=&#8221;1\/2&#8243; el_class=&#8221;py-4&#8243;][vc_custom_heading text=&#8221;ADEZZ &#8211; produits en acier corten&#8221; use_theme_fonts=&#8221;yes&#8221; el_class=&#8221;h2&#8243;][vc_column_text el_class=&#8221;m-0&#8243;]Adezz est un producteur de bacs \u00e0 plantes, jardini\u00e8res, fontaines, panneaux brise-vue et autres produits d&#8217;int\u00e9rieur et ext\u00e9rieur en <strong>corten de haute qualit\u00e9<\/strong>.<\/p>\n<p>Le catalogue tr\u00e8s \u00e9tendu vous propose des solutions esth\u00e9tiques pour la d\u00e9coration de votre jardin. Les demandes de <strong>fabrication sur mesure<\/strong> sont \u00e9galement possibles.<\/p>\n<p>Pour voir leur catalogue et la tr\u00e8s large gamme de produits, cliquez <a href=\"https:\/\/www.adezz.com\/fr\/produit\" target=\"_blank\" rel=\"noopener\">ici<\/a>[\/vc_column_text][\/vc_column][vc_column width=&#8221;1\/2&#8243; css=&#8221;.vc_custom_1677067482413{background-image: url(https:\/\/www.thetreecompany.be\/files\/uploads\/2022\/03\/Panneau-corten.png?id=314) !important;background-position: center !important;background-repeat: no-repeat !important;background-size: cover !important;}&#8221;][vc_empty_space height=&#8221;250px&#8221;][\/vc_column][\/vc_row][vc_row equal_height=&#8221;yes&#8221; content_placement=&#8221;middle&#8221;][vc_column width=&#8221;1\/2&#8243; css=&#8221;.vc_custom_1677154975942{background-image: url(https:\/\/www.thetreecompany.be\/files\/uploads\/2023\/02\/Fermob-salon.jpg?id=1336) !important;background-position: center !important;background-repeat: no-repeat !important;background-size: cover !important;}&#8221;][vc_empty_space height=&#8221;250px&#8221;][\/vc_column][vc_column width=&#8221;1\/2&#8243; el_class=&#8221;py-4&#8243;][vc_custom_heading text=&#8221;FERMOB &#8211; mobilier en m\u00e9tal color\u00e9&#8221; use_theme_fonts=&#8221;yes&#8221; el_class=&#8221;h2&#8243;][vc_column_text el_class=&#8221;m-0&#8243;]Fermob n&#8217;est plus \u00e0 pr\u00e9senter: <strong>premier fabricant fran\u00e7ais<\/strong> de mobilier en m\u00e9tal, ses meubles apportent une touche de couleur \u00e0 la terrasse et au jardin.<\/p>\n<p><strong>Disponible en 23 coloris<\/strong>, la gamme propose des tables, bancs, chaises, fauteuils, tabourets dans de nombreux mod\u00e8les tant classiques que contemporains.<\/p>\n<p>Croyez-nous: vous ne r\u00e9sisterez pas \u00e0 leur charme, un v\u00e9ritable plus pour l&#8217;ambiance de votre jardin ou votre terrasse!<\/p>\n<p>Pour leur site et leur magnifique catalogue c&#8217;est par <a href=\"https:\/\/www.fermob.com\/fr\/\" target=\"_blank\" rel=\"noopener\">ici<\/a>[\/vc_column_text][\/vc_column][\/vc_row][vc_row equal_height=&#8221;yes&#8221; content_placement=&#8221;middle&#8221;][vc_column width=&#8221;1\/2&#8243; el_class=&#8221;py-4&#8243;][vc_custom_heading text=&#8221;WOODERY &#8211; r\u00e9alisations en bois sur mesure&#8221; use_theme_fonts=&#8221;yes&#8221; el_class=&#8221;h2&#8243;][vc_column_text el_class=&#8221;m-0&#8243;]Menuisier \u00e9b\u00e9niste de formation, <strong>Lorenzo de Grand Ry<\/strong> n&#8217;a pas son pareil pour fabriquer des constructions en bois sur mesure.<\/p>\n<p>Pour l&#8217;int\u00e9rieur de votre habitation naturellement, mais \u00e9galement pour votre jardin.<\/p>\n<p>Terrasses, escaliers, rambardes, abris de jardins, cabanes, et id\u00e9es originales&#8230; nous faisons appel \u00e0 ses talents et \u00e0 sa<strong> cr\u00e9ativit\u00e9<\/strong> pour vous satisfaire.<\/p>\n<p>Voyez <a href=\"https:\/\/www.facebook.com\/Woodery.be\/\" target=\"_blank\" rel=\"noopener\">ici<\/a> ses tr\u00e8s belles r\u00e9alisations sur sa page Facebook![\/vc_column_text][\/vc_column][vc_column width=&#8221;1\/2&#8243; css=&#8221;.vc_custom_1677158685755{background-image: url(https:\/\/www.thetreecompany.be\/files\/uploads\/2023\/02\/Terrasse-escalier-bois-.jpg?id=1304) !important;background-position: center !important;background-repeat: no-repeat !important;background-size: cover !important;}&#8221;][vc_empty_space height=&#8221;250px&#8221;][\/vc_column][\/vc_row][vc_row equal_height=&#8221;yes&#8221; content_placement=&#8221;middle&#8221;][vc_column width=&#8221;1\/2&#8243; css=&#8221;.vc_custom_1677248009114{background-image: url(https:\/\/www.thetreecompany.be\/files\/uploads\/2023\/02\/Pallet-met-graszoden-1.png?id=1528) !important;background-position: center !important;background-repeat: no-repeat !important;background-size: cover !important;}&#8221;][\/vc_column][vc_column width=&#8221;1\/2&#8243; el_class=&#8221;py-4&#8243;][vc_custom_heading text=&#8221;GERALDS &#8211; gazon en rouleaux&#8221; use_theme_fonts=&#8221;yes&#8221; el_class=&#8221;h2&#8243;][vc_column_text el_class=&#8221;m-0&#8243;]Etablie \u00e0 Grimbergen, dans la province du Brabant flamand, l&#8217;entreprise Geralds cultive du gazon en rouleaux de qualit\u00e9 sup\u00e9rieure depuis 1973.<\/p>\n<p>Gr\u00e2ce au gazon en rouleau, votre jardin est <strong>splendide en un rien de temps<\/strong>. Gerald&#8217;s nous fournit un gazon dense exempt de mauvaises herbes, de maladies et de mousse. Il suffit ensuite de deux semaines pour profiter votre pelouse.<\/p>\n<p>N&#8217;h\u00e9sitez pas \u00e0 nous demander une offre, le gazon en rouleau peut \u00eatre plac\u00e9 <strong>toute l&#8217;ann\u00e9e<\/strong>, hors gel.[\/vc_column_text][\/vc_column][\/vc_row][vc_row][vc_column][vc_empty_space][\/vc_column][\/vc_row]<\/p>\n<\/div>","protected":false},"excerpt":{"rendered":"<p>[vc_row equal_height=&#8221;yes&#8221; content_placement=&#8221;middle&#8221; el_class=&#8221;pt-3&#8243;][vc_column width=&#8221;1\/2&#8243; css=&#8221;.vc_custom_1677245950309{background-image: url(https:\/\/www.thetreecompany.be\/files\/uploads\/2023\/02\/DSC_0077.jpg?id=1516) !important;background-position: center !important;background-repeat: no-repeat !important;background-size: cover !important;}&#8221;][vc_empty_space height=&#8221;250px&#8221;][\/vc_column][vc_column width=&#8221;1\/2&#8243; el_class=&#8221;py-4&#8243;][vc_custom_heading text=&#8221;DOMS PRO &#8211; cl\u00f4tures, portails, bois composite&#8221; use_theme_fonts=&#8221;yes&#8221; el_class=&#8221;h2&#8243;][vc_column_text el_class=&#8221;m-0&#8243;]Active depuis 1988, notre partenaire Doms Pro est une entreprise belge sp\u00e9cialis\u00e9e dans les fournitures de jardin telles que cl\u00f4tures, terrasses et portails. Visitez leur site ici Sa r\u00e9putation [&hellip;]<\/p>\n","protected":false},"author":3,"featured_media":0,"parent":0,"menu_order":0,"comment_status":"closed","ping_status":"closed","template":"","meta":{"footnotes":""},"class_list":["post-756","page","type-page","status-publish","hentry"],"_links":{"self":[{"href":"https:\/\/www.thetreecompany.be\/nl\/wp-json\/wp\/v2\/pages\/756","targetHints":{"allow":["GET"]}}],"collection":[{"href":"https:\/\/www.thetreecompany.be\/nl\/wp-json\/wp\/v2\/pages"}],"about":[{"href":"https:\/\/www.thetreecompany.be\/nl\/wp-json\/wp\/v2\/types\/page"}],"author":[{"embeddable":true,"href":"https:\/\/www.thetreecompany.be\/nl\/wp-json\/wp\/v2\/users\/3"}],"replies":[{"embeddable":true,"href":"https:\/\/www.thetreecompany.be\/nl\/wp-json\/wp\/v2\/comments?post=756"}],"version-history":[{"count":0,"href":"https:\/\/www.thetreecompany.be\/nl\/wp-json\/wp\/v2\/pages\/756\/revisions"}],"wp:attachment":[{"href":"https:\/\/www.thetreecompany.be\/nl\/wp-json\/wp\/v2\/media?parent=756"}],"curies":[{"name":"wp","href":"https:\/\/api.w.org\/{rel}","templated":true}]}}