{"id":747,"date":"2019-07-17T15:34:08","date_gmt":"2019-07-17T13:34:08","guid":{"rendered":"https:\/\/www.thetreecompany.be\/galerie\/"},"modified":"2024-02-01T13:23:16","modified_gmt":"2024-02-01T12:23:16","slug":"galerie-paysagiste-jardin-expert-jardinage","status":"publish","type":"page","link":"https:\/\/www.thetreecompany.be\/nl\/galerie-paysagiste-jardin-expert-jardinage\/","title":{"rendered":"Galerie"},"content":{"rendered":"<div class=\"wpb-content-wrapper\"><p>[vc_row el_class=&#8221;pb-3 pt-3&#8243;][vc_column][vc_column_text el_class=&#8221;m-0&#8243;]<\/p>\n<p style=\"text-align: center; font-size: 1.3rem;\">Notre entreprise r\u00e9alise des jardins et espaces verts <strong>depuis plus de 40 ans<\/strong> et notre portefeuille est riche de dizaines de r\u00e9alisations.<\/p>\n<p style=\"text-align: center; font-size: 1.3rem;\">D\u00e9couvrez-en quelques-unes dans notre catalogue de projets.<\/p>\n<p style=\"text-align: center; font-size: 1.3rem;\">R\u00eavez d\u00e8s \u00e0 pr\u00e9sent \u00e0 <strong>votre jardin id\u00e9al<\/strong>!<\/p>\n<p>[\/vc_column_text][\/vc_column][\/vc_row][vc_row el_class=&#8221;pb-3&#8243;][vc_column el_class=&#8221;grille-portfolio&#8221;][vc_basic_grid post_type=&#8221;ids&#8221; item=&#8221;329&#8243; grid_id=&#8221;vc_gid:1677165573256-f9f908a4-24b3-4&#8243; include=&#8221;308, 310, 312&#8243;][\/vc_column][\/vc_row]<\/p>\n<\/div>","protected":false},"excerpt":{"rendered":"<p>[vc_row el_class=&#8221;pb-3 pt-3&#8243;][vc_column][vc_column_text el_class=&#8221;m-0&#8243;] Notre entreprise r\u00e9alise des jardins et espaces verts depuis plus de 40 ans et notre portefeuille est riche de dizaines de r\u00e9alisations. D\u00e9couvrez-en quelques-unes dans notre catalogue de projets. R\u00eavez d\u00e8s \u00e0 pr\u00e9sent \u00e0 votre jardin id\u00e9al! [\/vc_column_text][\/vc_column][\/vc_row][vc_row el_class=&#8221;pb-3&#8243;][vc_column el_class=&#8221;grille-portfolio&#8221;][vc_basic_grid post_type=&#8221;ids&#8221; item=&#8221;329&#8243; grid_id=&#8221;vc_gid:1677165573256-f9f908a4-24b3-4&#8243; include=&#8221;308, 310, 312&#8243;][\/vc_column][\/vc_row]<\/p>\n","protected":false},"author":3,"featured_media":0,"parent":0,"menu_order":0,"comment_status":"closed","ping_status":"closed","template":"","meta":{"footnotes":""},"class_list":["post-747","page","type-page","status-publish","hentry"],"_links":{"self":[{"href":"https:\/\/www.thetreecompany.be\/nl\/wp-json\/wp\/v2\/pages\/747","targetHints":{"allow":["GET"]}}],"collection":[{"href":"https:\/\/www.thetreecompany.be\/nl\/wp-json\/wp\/v2\/pages"}],"about":[{"href":"https:\/\/www.thetreecompany.be\/nl\/wp-json\/wp\/v2\/types\/page"}],"author":[{"embeddable":true,"href":"https:\/\/www.thetreecompany.be\/nl\/wp-json\/wp\/v2\/users\/3"}],"replies":[{"embeddable":true,"href":"https:\/\/www.thetreecompany.be\/nl\/wp-json\/wp\/v2\/comments?post=747"}],"version-history":[{"count":0,"href":"https:\/\/www.thetreecompany.be\/nl\/wp-json\/wp\/v2\/pages\/747\/revisions"}],"wp:attachment":[{"href":"https:\/\/www.thetreecompany.be\/nl\/wp-json\/wp\/v2\/media?parent=747"}],"curies":[{"name":"wp","href":"https:\/\/api.w.org\/{rel}","templated":true}]}}