{"id":743,"date":"2019-07-17T14:03:24","date_gmt":"2019-07-17T12:03:24","guid":{"rendered":"https:\/\/www.thetreecompany.be\/contact\/"},"modified":"2022-07-04T18:02:05","modified_gmt":"2022-07-04T16:02:05","slug":"contact","status":"publish","type":"page","link":"https:\/\/www.thetreecompany.be\/nl\/contact\/","title":{"rendered":"Contact"},"content":{"rendered":"<div class=\"wpb-content-wrapper\"><p>[vc_row content_placement=&#8221;top&#8221; el_class=&#8221;mb-1 pt-3&#8243;][vc_column width=&#8221;2\/3&#8243;][vc_custom_heading text=&#8221;Contactez-nous&#8221; use_theme_fonts=&#8221;yes&#8221; el_class=&#8221;h3 mb-2&#8243;]<script type=\"text\/javascript\">var gform;gform||(document.addEventListener(\"gform_main_scripts_loaded\",function(){gform.scriptsLoaded=!0}),window.addEventListener(\"DOMContentLoaded\",function(){gform.domLoaded=!0}),gform={domLoaded:!1,scriptsLoaded:!1,initializeOnLoaded:function(o){gform.domLoaded&&gform.scriptsLoaded?o():!gform.domLoaded&&gform.scriptsLoaded?window.addEventListener(\"DOMContentLoaded\",o):document.addEventListener(\"gform_main_scripts_loaded\",o)},hooks:{action:{},filter:{}},addAction:function(o,n,r,t){gform.addHook(\"action\",o,n,r,t)},addFilter:function(o,n,r,t){gform.addHook(\"filter\",o,n,r,t)},doAction:function(o){gform.doHook(\"action\",o,arguments)},applyFilters:function(o){return gform.doHook(\"filter\",o,arguments)},removeAction:function(o,n){gform.removeHook(\"action\",o,n)},removeFilter:function(o,n,r){gform.removeHook(\"filter\",o,n,r)},addHook:function(o,n,r,t,i){null==gform.hooks[o][n]&&(gform.hooks[o][n]=[]);var e=gform.hooks[o][n];null==i&&(i=n+\"_\"+e.length),gform.hooks[o][n].push({tag:i,callable:r,priority:t=null==t?10:t})},doHook:function(n,o,r){var t;if(r=Array.prototype.slice.call(r,1),null!=gform.hooks[n][o]&&((o=gform.hooks[n][o]).sort(function(o,n){return o.priority-n.priority}),o.forEach(function(o){\"function\"!=typeof(t=o.callable)&&(t=window[t]),\"action\"==n?t.apply(null,r):r[0]=t.apply(null,r)})),\"filter\"==n)return r[0]},removeHook:function(o,n,t,i){var r;null!=gform.hooks[o][n]&&(r=(r=gform.hooks[o][n]).filter(function(o,n,r){return!!(null!=i&&i!=o.tag||null!=t&&t!=o.priority)}),gform.hooks[o][n]=r)}});<\/script>\n                <div class='gf_browser_gecko gform_wrapper gform_legacy_markup_wrapper gform-theme--no-framework' data-form-theme='legacy' data-form-index='0' id='gform_wrapper_4' ><div id='gf_4' class='gform_anchor' tabindex='-1'><\/div><form method='post' enctype='multipart\/form-data'  id='gform_4'  action='\/nl\/wp-json\/wp\/v2\/pages\/743#gf_4' data-formid='4' novalidate>\n                        <div class='gform-body gform_body'><ul id='gform_fields_4' class='gform_fields top_label form_sublabel_below description_below validation_below'><li id=\"field_4_1\" class=\"gfield gfield--type-text gf_left_half gfield_contains_required field_sublabel_below gfield--no-description field_description_below field_validation_below gfield_visibility_visible form-group\"><label class='gfield_label gform-field-label' for='input_4_1'>Voornaam<span class=\"gfield_required\"><span class=\"gfield_required gfield_required_asterisk\">*<\/span><\/span><\/label><div class='ginput_container ginput_container_text'><input name='input_1' id='input_4_1' type='text' value='' class='large'     aria-required=\"true\" aria-invalid=\"false\"   \/> <\/div><\/li><li id=\"field_4_2\" class=\"gfield gfield--type-text gf_right_half gfield_contains_required field_sublabel_below gfield--no-description field_description_below field_validation_below gfield_visibility_visible form-group\"><label class='gfield_label gform-field-label' for='input_4_2'>Naam<span class=\"gfield_required\"><span class=\"gfield_required gfield_required_asterisk\">*<\/span><\/span><\/label><div class='ginput_container ginput_container_text'><input name='input_2' id='input_4_2' type='text' value='' class='large'     aria-required=\"true\" aria-invalid=\"false\"   \/> <\/div><\/li><li id=\"field_4_3\" class=\"gfield gfield--type-email gfield_contains_required field_sublabel_below gfield--no-description field_description_below field_validation_below gfield_visibility_visible form-group\"><label class='gfield_label gform-field-label' for='input_4_3'>E-mail<span class=\"gfield_required\"><span class=\"gfield_required gfield_required_asterisk\">*<\/span><\/span><\/label><div class='ginput_container ginput_container_email'>\n                            <input name='input_3' id='input_4_3' type='email' value='' class='large'    aria-required=\"true\" aria-invalid=\"false\"  \/>\n                        <\/div><\/li><li id=\"field_4_5\" class=\"gfield gfield--type-text gfield_contains_required field_sublabel_below gfield--no-description field_description_below field_validation_below gfield_visibility_visible form-group\"><label class='gfield_label gform-field-label' for='input_4_5'>Onderwerp<span class=\"gfield_required\"><span class=\"gfield_required gfield_required_asterisk\">*<\/span><\/span><\/label><div class='ginput_container ginput_container_text'><input name='input_5' id='input_4_5' type='text' value='' class='large'     aria-required=\"true\" aria-invalid=\"false\"   \/> <\/div><\/li><li id=\"field_4_6\" class=\"gfield gfield--type-textarea gfield_contains_required field_sublabel_below gfield--no-description field_description_below field_validation_below gfield_visibility_visible form-group\"><label class='gfield_label gform-field-label' for='input_4_6'>Bericht<span class=\"gfield_required\"><span class=\"gfield_required gfield_required_asterisk\">*<\/span><\/span><\/label><div class='ginput_container ginput_container_textarea'><textarea name='input_6' id='input_4_6' class='textarea medium'     aria-required=\"true\" aria-invalid=\"false\"   rows='10' cols='50'><\/textarea><\/div><\/li><li id=\"field_4_9\" class=\"gfield gfield--type-fileupload gfield--width-full field_sublabel_below gfield--no-description field_description_below field_validation_below gfield_visibility_visible form-group\"><label class='gfield_label gform-field-label' for='input_4_9'>Foto&#039;s bijvoegen<\/label><div class='ginput_container ginput_container_fileupload'><input type='hidden' name='MAX_FILE_SIZE' value='33554432' \/><input name='input_9' id='input_4_9' type='file' class='large' aria-describedby=\"gfield_upload_rules_4_9\" onchange='javascript:gformValidateFileSize( this, 33554432 );'  \/><span class='gfield_description gform_fileupload_rules' id='gfield_upload_rules_4_9'>Max. file size: 32 MB.<\/span><div class='gfield_description validation_message gfield_validation_message validation_message--hidden-on-empty' id='live_validation_message_4_9'><\/div><\/div><\/li><li id=\"field_4_8\" class=\"gfield gfield--type-html gfield--width-full gfield_html gfield_html_formatted gfield_no_follows_desc field_sublabel_below gfield--no-description field_description_below field_validation_below gfield_visibility_visible form-group\"><small>Door op \"Sturen\" te klikken, bevestig ik de ontvangst van <a style=\"color:black;\" href=\"\/nl\/privacybeleid\/\" target=\"_blank\">het privacybeleid<\/a>.<\/small>\n<\/li><li id=\"field_4_10\" class=\"gfield gfield--type-honeypot gform_validation_container field_sublabel_below gfield--has-description field_description_below field_validation_below gfield_visibility_visible form-group\"><label class='gfield_label gform-field-label' for='input_4_10'>Email<\/label><div class='ginput_container'><input name='input_10' id='input_4_10' type='text' value='' autocomplete='new-password'\/><\/div><div class='gfield_description' id='gfield_description_4_10'>This field is for validation purposes and should be left unchanged.<\/div><\/li><\/ul><\/div>\n        <div class='gform_footer top_label'> <input type='submit' id='gform_submit_button_4' class='gform_button button' value='Sturen'  onclick='if(window[\"gf_submitting_4\"]){return false;}  if( !jQuery(\"#gform_4\")[0].checkValidity || jQuery(\"#gform_4\")[0].checkValidity()){window[\"gf_submitting_4\"]=true;}  ' onkeypress='if( event.keyCode == 13 ){ if(window[\"gf_submitting_4\"]){return false;} if( !jQuery(\"#gform_4\")[0].checkValidity || jQuery(\"#gform_4\")[0].checkValidity()){window[\"gf_submitting_4\"]=true;}  jQuery(\"#gform_4\").trigger(\"submit\",[true]); }' \/> \n            <input type='hidden' class='gform_hidden' name='is_submit_4' value='1' \/>\n            <input type='hidden' class='gform_hidden' name='gform_submit' value='4' \/>\n            \n            <input type='hidden' class='gform_hidden' name='gform_unique_id' value='' \/>\n            <input type='hidden' class='gform_hidden' name='state_4' value='WyJbXSIsIjQyODZkYTFhMGU5NTQwNjY2MWU2NzBjYzE0MDlkZThhIl0=' \/>\n            <input type='hidden' class='gform_hidden' name='gform_target_page_number_4' id='gform_target_page_number_4' value='0' \/>\n            <input type='hidden' class='gform_hidden' name='gform_source_page_number_4' id='gform_source_page_number_4' value='1' \/>\n            <input type='hidden' name='gform_field_values' value='' \/>\n            \n        <\/div>\n                        <\/form>\n                        <\/div><script type=\"text\/javascript\">\n\/* <![CDATA[ *\/\n gform.initializeOnLoaded( function() {gformInitSpinner( 4, 'https:\/\/www.thetreecompany.be\/files\/plugins\/gravityforms\/images\/spinner.svg', true );jQuery('#gform_ajax_frame_4').on('load',function(){var contents = jQuery(this).contents().find('*').html();var is_postback = contents.indexOf('GF_AJAX_POSTBACK') >= 0;if(!is_postback){return;}var form_content = jQuery(this).contents().find('#gform_wrapper_4');var is_confirmation = jQuery(this).contents().find('#gform_confirmation_wrapper_4').length > 0;var is_redirect = contents.indexOf('gformRedirect(){') >= 0;var is_form = form_content.length > 0 && ! is_redirect && ! is_confirmation;var mt = parseInt(jQuery('html').css('margin-top'), 10) + parseInt(jQuery('body').css('margin-top'), 10) + 100;if(is_form){jQuery('#gform_wrapper_4').html(form_content.html());if(form_content.hasClass('gform_validation_error')){jQuery('#gform_wrapper_4').addClass('gform_validation_error');} else {jQuery('#gform_wrapper_4').removeClass('gform_validation_error');}setTimeout( function() { \/* delay the scroll by 50 milliseconds to fix a bug in chrome *\/ jQuery(document).scrollTop(jQuery('#gform_wrapper_4').offset().top - mt); }, 50 );if(window['gformInitDatepicker']) {gformInitDatepicker();}if(window['gformInitPriceFields']) {gformInitPriceFields();}var current_page = jQuery('#gform_source_page_number_4').val();gformInitSpinner( 4, 'https:\/\/www.thetreecompany.be\/files\/plugins\/gravityforms\/images\/spinner.svg', true );jQuery(document).trigger('gform_page_loaded', [4, current_page]);window['gf_submitting_4'] = false;}else if(!is_redirect){var confirmation_content = jQuery(this).contents().find('.GF_AJAX_POSTBACK').html();if(!confirmation_content){confirmation_content = contents;}jQuery('#gform_wrapper_4').replaceWith(confirmation_content);jQuery(document).scrollTop(jQuery('#gf_4').offset().top - mt);jQuery(document).trigger('gform_confirmation_loaded', [4]);window['gf_submitting_4'] = false;wp.a11y.speak(jQuery('#gform_confirmation_message_4').text());}else{jQuery('#gform_4').append(contents);if(window['gformRedirect']) {gformRedirect();}}jQuery(document).trigger(\"gform_pre_post_render\", [{ formId: \"4\", currentPage: \"current_page\", abort: function() { this.preventDefault(); } }]);                if (event && event.defaultPrevented) {                return;         }        const gformWrapperDiv = document.getElementById( \"gform_wrapper_4\" );        if ( gformWrapperDiv ) {            const visibilitySpan = document.createElement( \"span\" );            visibilitySpan.id = \"gform_visibility_test_4\";            gformWrapperDiv.insertAdjacentElement( \"afterend\", visibilitySpan );        }        const visibilityTestDiv = document.getElementById( \"gform_visibility_test_4\" );        let postRenderFired = false;                function triggerPostRender() {            if ( postRenderFired ) {                return;            }            postRenderFired = true;            jQuery( document ).trigger( 'gform_post_render', [4, current_page] );            gform.utils.trigger( { event: 'gform\/postRender', native: false, data: { formId: 4, currentPage: current_page } } );            if ( visibilityTestDiv ) {                visibilityTestDiv.parentNode.removeChild( visibilityTestDiv );            }        }        function debounce( func, wait, immediate ) {            var timeout;            return function() {                var context = this, args = arguments;                var later = function() {                    timeout = null;                    if ( !immediate ) func.apply( context, args );                };                var callNow = immediate && !timeout;                clearTimeout( timeout );                timeout = setTimeout( later, wait );                if ( callNow ) func.apply( context, args );            };        }        const debouncedTriggerPostRender = debounce( function() {            triggerPostRender();        }, 200 );        if ( visibilityTestDiv && visibilityTestDiv.offsetParent === null ) {            const observer = new MutationObserver( ( mutations ) => {                mutations.forEach( ( mutation ) => {                    if ( mutation.type === 'attributes' && visibilityTestDiv.offsetParent !== null ) {                        debouncedTriggerPostRender();                        observer.disconnect();                    }                });            });            observer.observe( document.body, {                attributes: true,                childList: false,                subtree: true,                attributeFilter: [ 'style', 'class' ],            });        } else {            triggerPostRender();        }    } );} ); \n\/* ]]> *\/\n<\/script>\n[\/vc_column][vc_column width=&#8221;1\/3&#8243;][vc_custom_heading text=&#8221;Coordonn\u00e9es&#8221; use_theme_fonts=&#8221;yes&#8221; el_class=&#8221;h3&#8243;][vc_icon icon_fontawesome=&#8221;fas fa-map-marker-alt&#8221; color=&#8221;black&#8221; size=&#8221;xs&#8221; title=&#8221;Zijp 150, B-1780 Wemmel&#8221; el_class=&#8221;mb-05&#8243;][vc_icon icon_fontawesome=&#8221;fas fa-phone-alt&#8221; color=&#8221;black&#8221; size=&#8221;xs&#8221; title=&#8221;+32 2 270 02 86&#8243; el_class=&#8221;mb-05&#8243;][vc_icon icon_fontawesome=&#8221;fas fa-fax&#8221; color=&#8221;black&#8221; size=&#8221;xs&#8221; title=&#8221;+32 2 270 02 86&#8243; el_class=&#8221;mb-05&#8243;][vc_icon icon_fontawesome=&#8221;fas fa-mobile-alt&#8221; color=&#8221;black&#8221; size=&#8221;xs&#8221; title=&#8221;Samuel : 0496 11 30 03&#8243; el_class=&#8221;mb-05&#8243;][vc_icon icon_fontawesome=&#8221;fas fa-mobile-alt&#8221; color=&#8221;black&#8221; size=&#8221;xs&#8221; title=&#8221;Joachim : 0491 13 19 44&#8243; el_class=&#8221;mb-05&#8243;][vc_icon icon_fontawesome=&#8221;fas fa-mobile-alt&#8221; color=&#8221;black&#8221; size=&#8221;xs&#8221; title=&#8221;Luc : 0495 38 66 73&#8243; el_class=&#8221;mb-05&#8243;][vc_icon icon_fontawesome=&#8221;fas fa-envelope&#8221; color=&#8221;black&#8221; size=&#8221;xs&#8221; title=&#8221;ttttsprl@gmail.com&#8221; el_class=&#8221;mb-05&#8243;][vc_column_text]<b>TVA :<\/b>\u00a0BE 461 172 345<br \/>\n<b>N\u00b0 entrepreneur :<\/b>\u00a0BE 0461.172.345 04\/08\/01<br \/>\n<b>RCB :<\/b>\u00a0615791[\/vc_column_text][vc_gmaps link=&#8221;#E-8_JTNDaWZyYW1lJTIwc3JjJTNEJTIyaHR0cHMlM0ElMkYlMkZ3d3cuZ29vZ2xlLmNvbSUyRm1hcHMlMkZlbWJlZCUzRnBiJTNEJTIxMW0xOCUyMTFtMTIlMjExbTMlMjExZDIwMTI0LjA4OTEwNjk1NTc0NCUyMTJkNC4yOTkyNjgyODEyMjQxNTklMjEzZDUwLjkxNDI2MTA5MDY3NjYyNSUyMTJtMyUyMTFmMCUyMTJmMCUyMTNmMCUyMTNtMiUyMTFpMTAyNCUyMTJpNzY4JTIxNGYxMy4xJTIxM20zJTIxMW0yJTIxMXMweDQ3YzNjMjEwNGM5NzA0NWYlMjUzQTB4YjBiYTdmNTkxN2E4ZjBlMiUyMTJzVGhlJTI1MjBUcmVlJTI1MjBDb21wYW55JTIxNWUwJTIxM20yJTIxMXNmciUyMTJzYmUlMjE0djE2NDU2MDY2MzY3NTUlMjE1bTIlMjExc2ZyJTIxMnNiZSUyMiUyMHdpZHRoJTNEJTIyNjAwJTIyJTIwaGVpZ2h0JTNEJTIyNDUwJTIyJTIwc3R5bGUlM0QlMjJib3JkZXIlM0EwJTNCJTIyJTIwYWxsb3dmdWxsc2NyZWVuJTNEJTIyJTIyJTIwbG9hZGluZyUzRCUyMmxhenklMjIlM0UlM0MlMkZpZnJhbWUlM0U=&#8221; size=&#8221;400px&#8221;][\/vc_column][\/vc_row][vc_row el_class=&#8221;pb-3&#8243;][vc_column][vc_custom_heading text=&#8221;Notre \u00e9quipe&#8221; font_container=&#8221;tag:h2|text_align:center&#8221; use_theme_fonts=&#8221;yes&#8221; el_class=&#8221;h3 mt-1&#8243;][\/vc_column][\/vc_row][vc_row gap=&#8221;30&#8243; equal_height=&#8221;yes&#8221; el_class=&#8221;pb-4 equipe&#8221;][vc_column width=&#8221;1\/3&#8243; el_class=&#8221;px-1&#8243;][vc_single_image image=&#8221;301&#8243; img_size=&#8221;130&#215;130&#8243; alignment=&#8221;center&#8221; style=&#8221;vc_box_circle_2&#8243; el_class=&#8221;mb-0&#8243;][vc_row_inner el_class=&#8221;shadow ht-3 px-1&#8243;][vc_column_inner el_class=&#8221;px-1&#8243;][vc_custom_heading text=&#8221;Samuel De Lathouwer&#8221; font_container=&#8221;tag:h2|text_align:center|color:%230aa486&#8243; use_theme_fonts=&#8221;yes&#8221; el_class=&#8221;h3 mt-3 pt-1&#8243;][vc_column_text]<\/p>\n<p style=\"text-align: center;\">Dipl\u00f4m\u00e9 Architecte de jardin et du paysage (Lucia de Brouck\u00e8re 2010) \u2013 Premier de promotion, prix d\u2019excellence. Agr\u00e9g\u00e9 enseignant (CERIA 2011)<\/p>\n<p>[\/vc_column_text][\/vc_column_inner][\/vc_row_inner][\/vc_column][vc_column width=&#8221;1\/3&#8243;][vc_single_image image=&#8221;299&#8243; img_size=&#8221;130&#215;130&#8243; alignment=&#8221;center&#8221; style=&#8221;vc_box_circle_2&#8243; el_class=&#8221;mb-0&#8243;][vc_row_inner el_class=&#8221;shadow ht-3 px-1&#8243;][vc_column_inner el_class=&#8221;px-1&#8243;][vc_custom_heading text=&#8221;Joachim De Lathouwer&#8221; font_container=&#8221;tag:h2|text_align:center|color:%230aa486&#8243; use_theme_fonts=&#8221;yes&#8221; el_class=&#8221;h3 mt-3 pt-1&#8243;][vc_column_text]<\/p>\n<p style=\"text-align: center;\">Dipl\u00f4m\u00e9 Gestionnaire de l\u2019environnement urbain (Lucia de Brouck\u00e8re 2020). Dipl\u00f4m\u00e9 Gestionnaire d\u2019entreprises (EFP 2021)<\/p>\n<p>[\/vc_column_text][\/vc_column_inner][\/vc_row_inner][\/vc_column][vc_column width=&#8221;1\/3&#8243; el_class=&#8221;px-1&#8243;][vc_single_image image=&#8221;302&#8243; img_size=&#8221;130&#215;130&#8243; alignment=&#8221;center&#8221; style=&#8221;vc_box_circle_2&#8243; el_class=&#8221;mb-0&#8243;][vc_row_inner el_class=&#8221;shadow ht-3 px-1&#8243;][vc_column_inner el_class=&#8221;px-1&#8243;][vc_custom_heading text=&#8221;Luc De Lathouwer&#8221; font_container=&#8221;tag:h2|text_align:center|color:%230aa486&#8243; use_theme_fonts=&#8221;yes&#8221; el_class=&#8221;h3 mt-3 pt-1&#8243;][vc_column_text]<\/p>\n<p style=\"text-align: center;\">Dipl\u00f4m\u00e9 Architecte de jardin et du paysage (ESAJP 1981). Agr\u00e9g\u00e9 enseignant (CERIA 1982)<\/p>\n<p>[\/vc_column_text][\/vc_column_inner][\/vc_row_inner][\/vc_column][\/vc_row]<\/p>\n<\/div>","protected":false},"excerpt":{"rendered":"<p>[vc_row content_placement=&#8221;top&#8221; el_class=&#8221;mb-1 pt-3&#8243;][vc_column width=&#8221;2\/3&#8243;][vc_custom_heading text=&#8221;Contactez-nous&#8221; use_theme_fonts=&#8221;yes&#8221; el_class=&#8221;h3 mb-2&#8243;][\/vc_column][vc_column width=&#8221;1\/3&#8243;][vc_custom_heading text=&#8221;Coordonn\u00e9es&#8221; use_theme_fonts=&#8221;yes&#8221; el_class=&#8221;h3&#8243;][vc_icon icon_fontawesome=&#8221;fas fa-map-marker-alt&#8221; color=&#8221;black&#8221; size=&#8221;xs&#8221; title=&#8221;Zijp 150, B-1780 Wemmel&#8221; el_class=&#8221;mb-05&#8243;][vc_icon icon_fontawesome=&#8221;fas fa-phone-alt&#8221; color=&#8221;black&#8221; size=&#8221;xs&#8221; title=&#8221;+32 2 270 02 86&#8243; el_class=&#8221;mb-05&#8243;][vc_icon icon_fontawesome=&#8221;fas fa-fax&#8221; color=&#8221;black&#8221; size=&#8221;xs&#8221; title=&#8221;+32 2 270 02 86&#8243; el_class=&#8221;mb-05&#8243;][vc_icon icon_fontawesome=&#8221;fas fa-mobile-alt&#8221; color=&#8221;black&#8221; size=&#8221;xs&#8221; title=&#8221;Samuel : 0496 11 30 03&#8243; el_class=&#8221;mb-05&#8243;][vc_icon icon_fontawesome=&#8221;fas fa-mobile-alt&#8221; [&hellip;]<\/p>\n","protected":false},"author":3,"featured_media":0,"parent":0,"menu_order":0,"comment_status":"closed","ping_status":"closed","template":"","meta":{"footnotes":""},"class_list":["post-743","page","type-page","status-publish","hentry"],"_links":{"self":[{"href":"https:\/\/www.thetreecompany.be\/nl\/wp-json\/wp\/v2\/pages\/743","targetHints":{"allow":["GET"]}}],"collection":[{"href":"https:\/\/www.thetreecompany.be\/nl\/wp-json\/wp\/v2\/pages"}],"about":[{"href":"https:\/\/www.thetreecompany.be\/nl\/wp-json\/wp\/v2\/types\/page"}],"author":[{"embeddable":true,"href":"https:\/\/www.thetreecompany.be\/nl\/wp-json\/wp\/v2\/users\/3"}],"replies":[{"embeddable":true,"href":"https:\/\/www.thetreecompany.be\/nl\/wp-json\/wp\/v2\/comments?post=743"}],"version-history":[{"count":0,"href":"https:\/\/www.thetreecompany.be\/nl\/wp-json\/wp\/v2\/pages\/743\/revisions"}],"wp:attachment":[{"href":"https:\/\/www.thetreecompany.be\/nl\/wp-json\/wp\/v2\/media?parent=743"}],"curies":[{"name":"wp","href":"https:\/\/api.w.org\/{rel}","templated":true}]}}